{"id":1791,"date":"2024-12-22T15:08:15","date_gmt":"2024-12-22T14:08:15","guid":{"rendered":"https:\/\/saunaboat-geneve.ch\/modes-de-paiement\/"},"modified":"2025-02-12T11:37:48","modified_gmt":"2025-02-12T10:37:48","slug":"modes-de-paiement","status":"publish","type":"page","link":"https:\/\/saunaboat-geneve.ch\/fr\/modes-de-paiement\/","title":{"rendered":"Modes de paiement"},"content":{"rendered":"<p class=\"p1\"><b>Nous te proposons les modes de paiement suivants.<\/b><b><\/b><\/p>\n<p class=\"p1\"><b>Carte de cr\u00e9dit:<\/b> Paiement pratique et s\u00e9curis\u00e9 par carte de cr\u00e9dit.<\/p>\n<p class=\"p1\">La possibilit\u00e9 de payer \u00e9galement avec <strong>TWINT<\/strong> suivra.<\/p>\n<p class=\"p2\">Les prix indiqu\u00e9s dans les offres respectives sont des prix finaux et comprennent tous les \u00e9l\u00e9ments du prix (y compris les \u00e9ventuelles taxes applicables comme la taxe sur la valeur ajout\u00e9e (TVA)). Les autres taxes (par exemple pour les acquisitions intracommunautaires) et\/ou droits (par exemple les droits de douane) ne s&rsquo;appliquent qu&rsquo;aux transactions transfrontali\u00e8res et doivent \u00eatre pay\u00e9s aux autorit\u00e9s douani\u00e8res ou fiscales comp\u00e9tentes, et non au vendeur. <\/p>\n","protected":false},"excerpt":{"rendered":"<p>Nous te proposons les modes de paiement suivants. Carte de cr\u00e9dit: Paiement pratique et s\u00e9curis\u00e9 par carte de cr\u00e9dit. La possibilit\u00e9 de payer \u00e9galement avec TWINT suivra. Les prix indiqu\u00e9s dans les offres respectives sont des prix finaux et comprennent tous les \u00e9l\u00e9ments du prix (y compris les \u00e9ventuelles taxes <a href=\"https:\/\/saunaboat-geneve.ch\/fr\/modes-de-paiement\/\"> [&#8230;]<\/a><\/p>\n","protected":false},"author":1,"featured_media":0,"parent":0,"menu_order":0,"comment_status":"closed","ping_status":"closed","template":"100-width.php","meta":{"_acf_changed":false,"footnotes":""},"class_list":["post-1791","page","type-page","status-publish","hentry"],"acf":[],"yoast_head":"<!-- This site is optimized with the Yoast SEO plugin v27.4 - https:\/\/yoast.com\/product\/yoast-seo-wordpress\/ -->\n<title>Modes de paiement - Saunaboats Geneve<\/title>\n<meta name=\"robots\" content=\"index, follow, max-snippet:-1, max-image-preview:large, max-video-preview:-1\" \/>\n<link rel=\"canonical\" href=\"https:\/\/saunaboat-geneve.ch\/fr\/modes-de-paiement\/\" \/>\n<meta property=\"og:locale\" content=\"fr_FR\" \/>\n<meta property=\"og:type\" content=\"article\" \/>\n<meta property=\"og:title\" content=\"Modes de paiement - Saunaboats Geneve\" \/>\n<meta property=\"og:description\" content=\"Nous te proposons les modes de paiement suivants. Carte de cr\u00e9dit: Paiement pratique et s\u00e9curis\u00e9 par carte de cr\u00e9dit. La possibilit\u00e9 de payer \u00e9galement avec TWINT suivra. Les prix indiqu\u00e9s dans les offres respectives sont des prix finaux et comprennent tous les \u00e9l\u00e9ments du prix (y compris les \u00e9ventuelles taxes [...]\" \/>\n<meta property=\"og:url\" content=\"https:\/\/saunaboat-geneve.ch\/fr\/modes-de-paiement\/\" \/>\n<meta property=\"og:site_name\" content=\"Saunaboats Geneve\" \/>\n<meta property=\"article:modified_time\" content=\"2025-02-12T10:37:48+00:00\" \/>\n<meta name=\"twitter:card\" content=\"summary_large_image\" \/>\n<meta name=\"twitter:label1\" content=\"Dur\u00e9e de lecture estim\u00e9e\" \/>\n\t<meta name=\"twitter:data1\" content=\"1 minute\" \/>\n<script type=\"application\/ld+json\" class=\"yoast-schema-graph\">{\"@context\":\"https:\\\/\\\/schema.org\",\"@graph\":[{\"@type\":\"WebPage\",\"@id\":\"https:\\\/\\\/saunaboat-geneve.ch\\\/fr\\\/modes-de-paiement\\\/\",\"url\":\"https:\\\/\\\/saunaboat-geneve.ch\\\/fr\\\/modes-de-paiement\\\/\",\"name\":\"Modes de paiement - Saunaboats Geneve\",\"isPartOf\":{\"@id\":\"https:\\\/\\\/saunaboat-geneve.ch\\\/fr\\\/#website\"},\"datePublished\":\"2024-12-22T14:08:15+00:00\",\"dateModified\":\"2025-02-12T10:37:48+00:00\",\"breadcrumb\":{\"@id\":\"https:\\\/\\\/saunaboat-geneve.ch\\\/fr\\\/modes-de-paiement\\\/#breadcrumb\"},\"inLanguage\":\"fr-FR\",\"potentialAction\":[{\"@type\":\"ReadAction\",\"target\":[\"https:\\\/\\\/saunaboat-geneve.ch\\\/fr\\\/modes-de-paiement\\\/\"]}]},{\"@type\":\"BreadcrumbList\",\"@id\":\"https:\\\/\\\/saunaboat-geneve.ch\\\/fr\\\/modes-de-paiement\\\/#breadcrumb\",\"itemListElement\":[{\"@type\":\"ListItem\",\"position\":1,\"name\":\"Startseite\",\"item\":\"https:\\\/\\\/saunaboat-geneve.ch\\\/fr\\\/reserver\\\/\"},{\"@type\":\"ListItem\",\"position\":2,\"name\":\"Modes de paiement\"}]},{\"@type\":\"WebSite\",\"@id\":\"https:\\\/\\\/saunaboat-geneve.ch\\\/fr\\\/#website\",\"url\":\"https:\\\/\\\/saunaboat-geneve.ch\\\/fr\\\/\",\"name\":\"Saunaboat Geneve\",\"description\":\"Bateau sauna sur le lac de Gen\u00e8ve\",\"publisher\":{\"@id\":\"https:\\\/\\\/saunaboat-geneve.ch\\\/fr\\\/#organization\"},\"potentialAction\":[{\"@type\":\"SearchAction\",\"target\":{\"@type\":\"EntryPoint\",\"urlTemplate\":\"https:\\\/\\\/saunaboat-geneve.ch\\\/fr\\\/?s={search_term_string}\"},\"query-input\":{\"@type\":\"PropertyValueSpecification\",\"valueRequired\":true,\"valueName\":\"search_term_string\"}}],\"inLanguage\":\"fr-FR\"},{\"@type\":\"Organization\",\"@id\":\"https:\\\/\\\/saunaboat-geneve.ch\\\/fr\\\/#organization\",\"name\":\"Saunaboat Geneve\",\"url\":\"https:\\\/\\\/saunaboat-geneve.ch\\\/fr\\\/\",\"logo\":{\"@type\":\"ImageObject\",\"inLanguage\":\"fr-FR\",\"@id\":\"https:\\\/\\\/saunaboat-geneve.ch\\\/fr\\\/#\\\/schema\\\/logo\\\/image\\\/\",\"url\":\"https:\\\/\\\/saunaboat-geneve.ch\\\/wp-content\\\/uploads\\\/sites\\\/4\\\/2025\\\/10\\\/SaunaBoatGeneve-Logo-Blue.svg\",\"contentUrl\":\"https:\\\/\\\/saunaboat-geneve.ch\\\/wp-content\\\/uploads\\\/sites\\\/4\\\/2025\\\/10\\\/SaunaBoatGeneve-Logo-Blue.svg\",\"width\":341,\"height\":305,\"caption\":\"Saunaboat Geneve\"},\"image\":{\"@id\":\"https:\\\/\\\/saunaboat-geneve.ch\\\/fr\\\/#\\\/schema\\\/logo\\\/image\\\/\"},\"sameAs\":[\"https:\\\/\\\/www.instagram.com\\\/saunaboatgeneve\\\/\"]}]}<\/script>\n<!-- \/ Yoast SEO plugin. -->","yoast_head_json":{"title":"Modes de paiement - Saunaboats Geneve","robots":{"index":"index","follow":"follow","max-snippet":"max-snippet:-1","max-image-preview":"max-image-preview:large","max-video-preview":"max-video-preview:-1"},"canonical":"https:\/\/saunaboat-geneve.ch\/fr\/modes-de-paiement\/","og_locale":"fr_FR","og_type":"article","og_title":"Modes de paiement - Saunaboats Geneve","og_description":"Nous te proposons les modes de paiement suivants. Carte de cr\u00e9dit: Paiement pratique et s\u00e9curis\u00e9 par carte de cr\u00e9dit. La possibilit\u00e9 de payer \u00e9galement avec TWINT suivra. Les prix indiqu\u00e9s dans les offres respectives sont des prix finaux et comprennent tous les \u00e9l\u00e9ments du prix (y compris les \u00e9ventuelles taxes [...]","og_url":"https:\/\/saunaboat-geneve.ch\/fr\/modes-de-paiement\/","og_site_name":"Saunaboats Geneve","article_modified_time":"2025-02-12T10:37:48+00:00","twitter_card":"summary_large_image","twitter_misc":{"Dur\u00e9e de lecture estim\u00e9e":"1 minute"},"schema":{"@context":"https:\/\/schema.org","@graph":[{"@type":"WebPage","@id":"https:\/\/saunaboat-geneve.ch\/fr\/modes-de-paiement\/","url":"https:\/\/saunaboat-geneve.ch\/fr\/modes-de-paiement\/","name":"Modes de paiement - Saunaboats Geneve","isPartOf":{"@id":"https:\/\/saunaboat-geneve.ch\/fr\/#website"},"datePublished":"2024-12-22T14:08:15+00:00","dateModified":"2025-02-12T10:37:48+00:00","breadcrumb":{"@id":"https:\/\/saunaboat-geneve.ch\/fr\/modes-de-paiement\/#breadcrumb"},"inLanguage":"fr-FR","potentialAction":[{"@type":"ReadAction","target":["https:\/\/saunaboat-geneve.ch\/fr\/modes-de-paiement\/"]}]},{"@type":"BreadcrumbList","@id":"https:\/\/saunaboat-geneve.ch\/fr\/modes-de-paiement\/#breadcrumb","itemListElement":[{"@type":"ListItem","position":1,"name":"Startseite","item":"https:\/\/saunaboat-geneve.ch\/fr\/reserver\/"},{"@type":"ListItem","position":2,"name":"Modes de paiement"}]},{"@type":"WebSite","@id":"https:\/\/saunaboat-geneve.ch\/fr\/#website","url":"https:\/\/saunaboat-geneve.ch\/fr\/","name":"Saunaboat Geneve","description":"Bateau sauna sur le lac de Gen\u00e8ve","publisher":{"@id":"https:\/\/saunaboat-geneve.ch\/fr\/#organization"},"potentialAction":[{"@type":"SearchAction","target":{"@type":"EntryPoint","urlTemplate":"https:\/\/saunaboat-geneve.ch\/fr\/?s={search_term_string}"},"query-input":{"@type":"PropertyValueSpecification","valueRequired":true,"valueName":"search_term_string"}}],"inLanguage":"fr-FR"},{"@type":"Organization","@id":"https:\/\/saunaboat-geneve.ch\/fr\/#organization","name":"Saunaboat Geneve","url":"https:\/\/saunaboat-geneve.ch\/fr\/","logo":{"@type":"ImageObject","inLanguage":"fr-FR","@id":"https:\/\/saunaboat-geneve.ch\/fr\/#\/schema\/logo\/image\/","url":"https:\/\/saunaboat-geneve.ch\/wp-content\/uploads\/sites\/4\/2025\/10\/SaunaBoatGeneve-Logo-Blue.svg","contentUrl":"https:\/\/saunaboat-geneve.ch\/wp-content\/uploads\/sites\/4\/2025\/10\/SaunaBoatGeneve-Logo-Blue.svg","width":341,"height":305,"caption":"Saunaboat Geneve"},"image":{"@id":"https:\/\/saunaboat-geneve.ch\/fr\/#\/schema\/logo\/image\/"},"sameAs":["https:\/\/www.instagram.com\/saunaboatgeneve\/"]}]}},"_links":{"self":[{"href":"https:\/\/saunaboat-geneve.ch\/fr\/wp-json\/wp\/v2\/pages\/1791","targetHints":{"allow":["GET"]}}],"collection":[{"href":"https:\/\/saunaboat-geneve.ch\/fr\/wp-json\/wp\/v2\/pages"}],"about":[{"href":"https:\/\/saunaboat-geneve.ch\/fr\/wp-json\/wp\/v2\/types\/page"}],"author":[{"embeddable":true,"href":"https:\/\/saunaboat-geneve.ch\/fr\/wp-json\/wp\/v2\/users\/1"}],"replies":[{"embeddable":true,"href":"https:\/\/saunaboat-geneve.ch\/fr\/wp-json\/wp\/v2\/comments?post=1791"}],"version-history":[{"count":0,"href":"https:\/\/saunaboat-geneve.ch\/fr\/wp-json\/wp\/v2\/pages\/1791\/revisions"}],"wp:attachment":[{"href":"https:\/\/saunaboat-geneve.ch\/fr\/wp-json\/wp\/v2\/media?parent=1791"}],"curies":[{"name":"wp","href":"https:\/\/api.w.org\/{rel}","templated":true}]}}