{"id":1661,"date":"2024-12-28T16:22:06","date_gmt":"2024-12-28T15:22:06","guid":{"rendered":"https:\/\/saunaboat-geneve.ch\/produkt\/set-de-serviettes-pour-sauna\/"},"modified":"2026-03-25T13:33:17","modified_gmt":"2026-03-25T12:33:17","slug":"set-de-serviettes-pour-sauna","status":"publish","type":"product","link":"https:\/\/saunaboat-geneve.ch\/fr\/produit\/set-de-serviettes-pour-sauna\/","title":{"rendered":"Serviette de bain"},"content":{"rendered":"<p>Une grande serviette pour vous s\u00e9cher ou vous asseoir dans le sauna. Elle doit \u00eatre laiss\u00e9e \u00e0 bord du bateau \u00e0 la fin de votre sortie. <\/p>\n","protected":false},"excerpt":{"rendered":"<p>Une grande serviette pour vous s\u00e9cher ou vous asseoir dans le sauna. Elle doit \u00eatre laiss\u00e9e \u00e0 bord du bateau \u00e0 la fin de votre sortie.<\/p>\n","protected":false},"featured_media":1328,"template":"","meta":{"_acf_changed":false},"product_brand":[],"product_cat":[68],"product_tag":[],"class_list":{"0":"post-1661","1":"product","2":"type-product","3":"status-publish","4":"has-post-thumbnail","6":"product_cat-supplements","8":"first","9":"instock","10":"virtual","11":"taxable","12":"purchasable","13":"product-type-simple"},"booking_location":null,"booking_location_type":null,"booking_duration":null,"booking_duration_unit":null,"booking_buffer":null,"booking_cost":null,"booking_resources":null,"acf":[],"yoast_head":"<!-- This site is optimized with the Yoast SEO plugin v27.4 - https:\/\/yoast.com\/product\/yoast-seo-wordpress\/ -->\n<title>Serviette de bain - Saunaboats Geneve<\/title>\n<meta name=\"robots\" content=\"index, follow, max-snippet:-1, max-image-preview:large, max-video-preview:-1\" \/>\n<link rel=\"canonical\" href=\"https:\/\/saunaboat-geneve.ch\/fr\/produit\/set-de-serviettes-pour-sauna\/\" \/>\n<meta property=\"og:locale\" content=\"fr_FR\" \/>\n<meta property=\"og:type\" content=\"article\" \/>\n<meta property=\"og:title\" content=\"Serviette de bain - Saunaboats Geneve\" \/>\n<meta property=\"og:description\" content=\"Une grande serviette pour vous s\u00e9cher ou vous asseoir dans le sauna. Elle doit \u00eatre laiss\u00e9e \u00e0 bord du bateau \u00e0 la fin de votre sortie.\" \/>\n<meta property=\"og:url\" content=\"https:\/\/saunaboat-geneve.ch\/fr\/produit\/set-de-serviettes-pour-sauna\/\" \/>\n<meta property=\"og:site_name\" content=\"Saunaboats Geneve\" \/>\n<meta property=\"article:modified_time\" content=\"2026-03-25T12:33:17+00:00\" \/>\n<meta property=\"og:image\" content=\"https:\/\/saunaboat-geneve.ch\/wp-content\/uploads\/sites\/4\/2025\/01\/SaunaBoat-Laundary-01.avif\" \/>\n\t<meta property=\"og:image:width\" content=\"1280\" \/>\n\t<meta property=\"og:image:height\" content=\"1280\" \/>\n\t<meta property=\"og:image:type\" content=\"image\/jpeg\" \/>\n<meta name=\"twitter:card\" content=\"summary_large_image\" \/>\n<script type=\"application\/ld+json\" class=\"yoast-schema-graph\">{\"@context\":\"https:\\\/\\\/schema.org\",\"@graph\":[{\"@type\":\"WebPage\",\"@id\":\"https:\\\/\\\/saunaboat-geneve.ch\\\/fr\\\/produit\\\/set-de-serviettes-pour-sauna\\\/\",\"url\":\"https:\\\/\\\/saunaboat-geneve.ch\\\/fr\\\/produit\\\/set-de-serviettes-pour-sauna\\\/\",\"name\":\"Serviette de bain - Saunaboats Geneve\",\"isPartOf\":{\"@id\":\"https:\\\/\\\/saunaboat-geneve.ch\\\/fr\\\/#website\"},\"primaryImageOfPage\":{\"@id\":\"https:\\\/\\\/saunaboat-geneve.ch\\\/fr\\\/produit\\\/set-de-serviettes-pour-sauna\\\/#primaryimage\"},\"image\":{\"@id\":\"https:\\\/\\\/saunaboat-geneve.ch\\\/fr\\\/produit\\\/set-de-serviettes-pour-sauna\\\/#primaryimage\"},\"thumbnailUrl\":\"https:\\\/\\\/saunaboat-geneve.ch\\\/wp-content\\\/uploads\\\/sites\\\/4\\\/2025\\\/01\\\/SaunaBoat-Laundary-01.avif\",\"datePublished\":\"2024-12-28T15:22:06+00:00\",\"dateModified\":\"2026-03-25T12:33:17+00:00\",\"breadcrumb\":{\"@id\":\"https:\\\/\\\/saunaboat-geneve.ch\\\/fr\\\/produit\\\/set-de-serviettes-pour-sauna\\\/#breadcrumb\"},\"inLanguage\":\"fr-FR\",\"potentialAction\":[{\"@type\":\"ReadAction\",\"target\":[\"https:\\\/\\\/saunaboat-geneve.ch\\\/fr\\\/produit\\\/set-de-serviettes-pour-sauna\\\/\"]}]},{\"@type\":\"ImageObject\",\"inLanguage\":\"fr-FR\",\"@id\":\"https:\\\/\\\/saunaboat-geneve.ch\\\/fr\\\/produit\\\/set-de-serviettes-pour-sauna\\\/#primaryimage\",\"url\":\"https:\\\/\\\/saunaboat-geneve.ch\\\/wp-content\\\/uploads\\\/sites\\\/4\\\/2025\\\/01\\\/SaunaBoat-Laundary-01.avif\",\"contentUrl\":\"https:\\\/\\\/saunaboat-geneve.ch\\\/wp-content\\\/uploads\\\/sites\\\/4\\\/2025\\\/01\\\/SaunaBoat-Laundary-01.avif\",\"width\":1280,\"height\":1280},{\"@type\":\"BreadcrumbList\",\"@id\":\"https:\\\/\\\/saunaboat-geneve.ch\\\/fr\\\/produit\\\/set-de-serviettes-pour-sauna\\\/#breadcrumb\",\"itemListElement\":[{\"@type\":\"ListItem\",\"position\":1,\"name\":\"Startseite\",\"item\":\"https:\\\/\\\/saunaboat-geneve.ch\\\/fr\\\/reserver\\\/\"},{\"@type\":\"ListItem\",\"position\":2,\"name\":\"R\u00e9server\",\"item\":\"https:\\\/\\\/saunaboat-geneve.ch\\\/fr\\\/reserver\\\/\"},{\"@type\":\"ListItem\",\"position\":3,\"name\":\"Serviette de bain\"}]},{\"@type\":\"WebSite\",\"@id\":\"https:\\\/\\\/saunaboat-geneve.ch\\\/fr\\\/#website\",\"url\":\"https:\\\/\\\/saunaboat-geneve.ch\\\/fr\\\/\",\"name\":\"Saunaboat Geneve\",\"description\":\"Bateau sauna sur le lac de Gen\u00e8ve\",\"publisher\":{\"@id\":\"https:\\\/\\\/saunaboat-geneve.ch\\\/fr\\\/#organization\"},\"potentialAction\":[{\"@type\":\"SearchAction\",\"target\":{\"@type\":\"EntryPoint\",\"urlTemplate\":\"https:\\\/\\\/saunaboat-geneve.ch\\\/fr\\\/?s={search_term_string}\"},\"query-input\":{\"@type\":\"PropertyValueSpecification\",\"valueRequired\":true,\"valueName\":\"search_term_string\"}}],\"inLanguage\":\"fr-FR\"},{\"@type\":\"Organization\",\"@id\":\"https:\\\/\\\/saunaboat-geneve.ch\\\/fr\\\/#organization\",\"name\":\"Saunaboat Geneve\",\"url\":\"https:\\\/\\\/saunaboat-geneve.ch\\\/fr\\\/\",\"logo\":{\"@type\":\"ImageObject\",\"inLanguage\":\"fr-FR\",\"@id\":\"https:\\\/\\\/saunaboat-geneve.ch\\\/fr\\\/#\\\/schema\\\/logo\\\/image\\\/\",\"url\":\"https:\\\/\\\/saunaboat-geneve.ch\\\/wp-content\\\/uploads\\\/sites\\\/4\\\/2025\\\/10\\\/SaunaBoatGeneve-Logo-Blue.svg\",\"contentUrl\":\"https:\\\/\\\/saunaboat-geneve.ch\\\/wp-content\\\/uploads\\\/sites\\\/4\\\/2025\\\/10\\\/SaunaBoatGeneve-Logo-Blue.svg\",\"width\":341,\"height\":305,\"caption\":\"Saunaboat Geneve\"},\"image\":{\"@id\":\"https:\\\/\\\/saunaboat-geneve.ch\\\/fr\\\/#\\\/schema\\\/logo\\\/image\\\/\"},\"sameAs\":[\"https:\\\/\\\/www.instagram.com\\\/saunaboatgeneve\\\/\"]}]}<\/script>\n<!-- \/ Yoast SEO plugin. -->","yoast_head_json":{"title":"Serviette de bain - Saunaboats Geneve","robots":{"index":"index","follow":"follow","max-snippet":"max-snippet:-1","max-image-preview":"max-image-preview:large","max-video-preview":"max-video-preview:-1"},"canonical":"https:\/\/saunaboat-geneve.ch\/fr\/produit\/set-de-serviettes-pour-sauna\/","og_locale":"fr_FR","og_type":"article","og_title":"Serviette de bain - Saunaboats Geneve","og_description":"Une grande serviette pour vous s\u00e9cher ou vous asseoir dans le sauna. Elle doit \u00eatre laiss\u00e9e \u00e0 bord du bateau \u00e0 la fin de votre sortie.","og_url":"https:\/\/saunaboat-geneve.ch\/fr\/produit\/set-de-serviettes-pour-sauna\/","og_site_name":"Saunaboats Geneve","article_modified_time":"2026-03-25T12:33:17+00:00","og_image":[{"width":1280,"height":1280,"url":"https:\/\/saunaboat-geneve.ch\/wp-content\/uploads\/sites\/4\/2025\/01\/SaunaBoat-Laundary-01.avif","type":"image\/jpeg"}],"twitter_card":"summary_large_image","schema":{"@context":"https:\/\/schema.org","@graph":[{"@type":"WebPage","@id":"https:\/\/saunaboat-geneve.ch\/fr\/produit\/set-de-serviettes-pour-sauna\/","url":"https:\/\/saunaboat-geneve.ch\/fr\/produit\/set-de-serviettes-pour-sauna\/","name":"Serviette de bain - Saunaboats Geneve","isPartOf":{"@id":"https:\/\/saunaboat-geneve.ch\/fr\/#website"},"primaryImageOfPage":{"@id":"https:\/\/saunaboat-geneve.ch\/fr\/produit\/set-de-serviettes-pour-sauna\/#primaryimage"},"image":{"@id":"https:\/\/saunaboat-geneve.ch\/fr\/produit\/set-de-serviettes-pour-sauna\/#primaryimage"},"thumbnailUrl":"https:\/\/saunaboat-geneve.ch\/wp-content\/uploads\/sites\/4\/2025\/01\/SaunaBoat-Laundary-01.avif","datePublished":"2024-12-28T15:22:06+00:00","dateModified":"2026-03-25T12:33:17+00:00","breadcrumb":{"@id":"https:\/\/saunaboat-geneve.ch\/fr\/produit\/set-de-serviettes-pour-sauna\/#breadcrumb"},"inLanguage":"fr-FR","potentialAction":[{"@type":"ReadAction","target":["https:\/\/saunaboat-geneve.ch\/fr\/produit\/set-de-serviettes-pour-sauna\/"]}]},{"@type":"ImageObject","inLanguage":"fr-FR","@id":"https:\/\/saunaboat-geneve.ch\/fr\/produit\/set-de-serviettes-pour-sauna\/#primaryimage","url":"https:\/\/saunaboat-geneve.ch\/wp-content\/uploads\/sites\/4\/2025\/01\/SaunaBoat-Laundary-01.avif","contentUrl":"https:\/\/saunaboat-geneve.ch\/wp-content\/uploads\/sites\/4\/2025\/01\/SaunaBoat-Laundary-01.avif","width":1280,"height":1280},{"@type":"BreadcrumbList","@id":"https:\/\/saunaboat-geneve.ch\/fr\/produit\/set-de-serviettes-pour-sauna\/#breadcrumb","itemListElement":[{"@type":"ListItem","position":1,"name":"Startseite","item":"https:\/\/saunaboat-geneve.ch\/fr\/reserver\/"},{"@type":"ListItem","position":2,"name":"R\u00e9server","item":"https:\/\/saunaboat-geneve.ch\/fr\/reserver\/"},{"@type":"ListItem","position":3,"name":"Serviette de bain"}]},{"@type":"WebSite","@id":"https:\/\/saunaboat-geneve.ch\/fr\/#website","url":"https:\/\/saunaboat-geneve.ch\/fr\/","name":"Saunaboat Geneve","description":"Bateau sauna sur le lac de Gen\u00e8ve","publisher":{"@id":"https:\/\/saunaboat-geneve.ch\/fr\/#organization"},"potentialAction":[{"@type":"SearchAction","target":{"@type":"EntryPoint","urlTemplate":"https:\/\/saunaboat-geneve.ch\/fr\/?s={search_term_string}"},"query-input":{"@type":"PropertyValueSpecification","valueRequired":true,"valueName":"search_term_string"}}],"inLanguage":"fr-FR"},{"@type":"Organization","@id":"https:\/\/saunaboat-geneve.ch\/fr\/#organization","name":"Saunaboat Geneve","url":"https:\/\/saunaboat-geneve.ch\/fr\/","logo":{"@type":"ImageObject","inLanguage":"fr-FR","@id":"https:\/\/saunaboat-geneve.ch\/fr\/#\/schema\/logo\/image\/","url":"https:\/\/saunaboat-geneve.ch\/wp-content\/uploads\/sites\/4\/2025\/10\/SaunaBoatGeneve-Logo-Blue.svg","contentUrl":"https:\/\/saunaboat-geneve.ch\/wp-content\/uploads\/sites\/4\/2025\/10\/SaunaBoatGeneve-Logo-Blue.svg","width":341,"height":305,"caption":"Saunaboat Geneve"},"image":{"@id":"https:\/\/saunaboat-geneve.ch\/fr\/#\/schema\/logo\/image\/"},"sameAs":["https:\/\/www.instagram.com\/saunaboatgeneve\/"]}]}},"_links":{"self":[{"href":"https:\/\/saunaboat-geneve.ch\/fr\/wp-json\/wp\/v2\/product\/1661","targetHints":{"allow":["GET"]}}],"collection":[{"href":"https:\/\/saunaboat-geneve.ch\/fr\/wp-json\/wp\/v2\/product"}],"about":[{"href":"https:\/\/saunaboat-geneve.ch\/fr\/wp-json\/wp\/v2\/types\/product"}],"wp:featuredmedia":[{"embeddable":true,"href":"https:\/\/saunaboat-geneve.ch\/fr\/wp-json\/wp\/v2\/media\/1328"}],"wp:attachment":[{"href":"https:\/\/saunaboat-geneve.ch\/fr\/wp-json\/wp\/v2\/media?parent=1661"}],"wp:term":[{"taxonomy":"product_brand","embeddable":true,"href":"https:\/\/saunaboat-geneve.ch\/fr\/wp-json\/wp\/v2\/product_brand?post=1661"},{"taxonomy":"product_cat","embeddable":true,"href":"https:\/\/saunaboat-geneve.ch\/fr\/wp-json\/wp\/v2\/product_cat?post=1661"},{"taxonomy":"product_tag","embeddable":true,"href":"https:\/\/saunaboat-geneve.ch\/fr\/wp-json\/wp\/v2\/product_tag?post=1661"}],"curies":[{"name":"wp","href":"https:\/\/api.w.org\/{rel}","templated":true}]}}