{"id":7634,"date":"2025-12-22T20:20:41","date_gmt":"2025-12-22T19:20:41","guid":{"rendered":"https:\/\/saunaboat-geneve.ch\/?post_type=product&#038;p=7634"},"modified":"2026-03-25T14:20:23","modified_gmt":"2026-03-25T13:20:23","slug":"the-frais-kopie","status":"publish","type":"product","link":"https:\/\/saunaboat-geneve.ch\/fr\/produit\/the-frais-kopie\/","title":{"rendered":"Saveur du Sud"},"content":{"rendered":"<p>Deux \u00e9clairs sal\u00e9s, fra\u00eechement pr\u00e9par\u00e9s, avec deux petits compl\u00e9ments sucr\u00e9s de la p\u00e2tisserie CHOU.<\/p>\n<p style=\"font-size: 12px;\"><strong>\u00c9clair Serrano<\/strong><br \/>\nSerrano \/ chou-rave \/ caviar d&rsquo;aubergine \/ c\u00e2pres \/ roquette<br \/>\n<strong>\u00c9clair Avocat &amp; Pecorino<\/strong><br \/>\nFenouil \/ Soja et Citron \/ Avocat \/ Pecorino \/ Poivron fort<br \/>\n<strong>Chou Chocolat<\/strong><br \/>\nCr\u00e8me au chocolat noir \u00e0 64% et aux nibs de cacao. Biscuits au chocolat noir.<br \/>\n<strong>Chou Caramel au beurre sal\u00e9<\/strong><br \/>\nCr\u00e8me de mascarpone et de caramel \u00e0 la fleur de sel.<\/p>\n","protected":false},"excerpt":{"rendered":"<p>Deux \u00e9clairs sal\u00e9s, fra\u00eechement pr\u00e9par\u00e9s, avec deux petits compl\u00e9ments sucr\u00e9s de la p\u00e2tisserie CHOU. \u00c9clair Serrano Serrano \/ chou-rave \/ caviar d&rsquo;aubergine \/ c\u00e2pres \/ roquette \u00c9clair Avocat &amp; Pecorino Fenouil \/ Soja et Citron \/ Avocat \/ Pecorino \/ Poivron fort Chou Chocolat Cr\u00e8me au chocolat noir \u00e0 64% <a href=\"https:\/\/saunaboat-geneve.ch\/fr\/produit\/the-frais-kopie\/\"> [&#8230;]<\/a><\/p>\n","protected":false},"featured_media":7662,"template":"","meta":{"_acf_changed":false},"product_brand":[],"product_cat":[68],"product_tag":[],"class_list":{"0":"post-7634","1":"product","2":"type-product","3":"status-publish","4":"has-post-thumbnail","6":"product_cat-supplements","8":"first","9":"instock","10":"virtual","11":"taxable","12":"purchasable","13":"product-type-simple"},"booking_location":null,"booking_location_type":null,"booking_duration":null,"booking_duration_unit":null,"booking_buffer":null,"booking_cost":null,"booking_resources":null,"acf":[],"yoast_head":"<!-- This site is optimized with the Yoast SEO plugin v27.4 - https:\/\/yoast.com\/product\/yoast-seo-wordpress\/ -->\n<title>Saveur du Sud - Saunaboats Geneve<\/title>\n<meta name=\"robots\" content=\"index, follow, max-snippet:-1, max-image-preview:large, max-video-preview:-1\" \/>\n<link rel=\"canonical\" href=\"https:\/\/saunaboat-geneve.ch\/fr\/produit\/the-frais-kopie\/\" \/>\n<meta property=\"og:locale\" content=\"fr_FR\" \/>\n<meta property=\"og:type\" content=\"article\" \/>\n<meta property=\"og:title\" content=\"Saveur du Sud - Saunaboats Geneve\" \/>\n<meta property=\"og:description\" content=\"Deux \u00e9clairs sal\u00e9s, fra\u00eechement pr\u00e9par\u00e9s, avec deux petits compl\u00e9ments sucr\u00e9s de la p\u00e2tisserie CHOU. \u00c9clair Serrano Serrano \/ chou-rave \/ caviar d&rsquo;aubergine \/ c\u00e2pres \/ roquette \u00c9clair Avocat &amp; Pecorino Fenouil \/ Soja et Citron \/ Avocat \/ Pecorino \/ Poivron fort Chou Chocolat Cr\u00e8me au chocolat noir \u00e0 64% [...]\" \/>\n<meta property=\"og:url\" content=\"https:\/\/saunaboat-geneve.ch\/fr\/produit\/the-frais-kopie\/\" \/>\n<meta property=\"og:site_name\" content=\"Saunaboats Geneve\" \/>\n<meta property=\"article:modified_time\" content=\"2026-03-25T13:20:23+00:00\" \/>\n<meta property=\"og:image\" content=\"https:\/\/saunaboat-geneve.ch\/wp-content\/uploads\/sites\/4\/2025\/12\/sud-1.avif\" \/>\n\t<meta property=\"og:image:width\" content=\"1920\" \/>\n\t<meta property=\"og:image:height\" content=\"2560\" \/>\n\t<meta property=\"og:image:type\" content=\"image\/jpeg\" \/>\n<meta name=\"twitter:card\" content=\"summary_large_image\" \/>\n<script type=\"application\/ld+json\" class=\"yoast-schema-graph\">{\"@context\":\"https:\\\/\\\/schema.org\",\"@graph\":[{\"@type\":\"WebPage\",\"@id\":\"https:\\\/\\\/saunaboat-geneve.ch\\\/fr\\\/produit\\\/the-frais-kopie\\\/\",\"url\":\"https:\\\/\\\/saunaboat-geneve.ch\\\/fr\\\/produit\\\/the-frais-kopie\\\/\",\"name\":\"Saveur du Sud - Saunaboats Geneve\",\"isPartOf\":{\"@id\":\"https:\\\/\\\/saunaboat-geneve.ch\\\/fr\\\/#website\"},\"primaryImageOfPage\":{\"@id\":\"https:\\\/\\\/saunaboat-geneve.ch\\\/fr\\\/produit\\\/the-frais-kopie\\\/#primaryimage\"},\"image\":{\"@id\":\"https:\\\/\\\/saunaboat-geneve.ch\\\/fr\\\/produit\\\/the-frais-kopie\\\/#primaryimage\"},\"thumbnailUrl\":\"https:\\\/\\\/saunaboat-geneve.ch\\\/wp-content\\\/uploads\\\/sites\\\/4\\\/2025\\\/12\\\/sud-1.avif\",\"datePublished\":\"2025-12-22T19:20:41+00:00\",\"dateModified\":\"2026-03-25T13:20:23+00:00\",\"breadcrumb\":{\"@id\":\"https:\\\/\\\/saunaboat-geneve.ch\\\/fr\\\/produit\\\/the-frais-kopie\\\/#breadcrumb\"},\"inLanguage\":\"fr-FR\",\"potentialAction\":[{\"@type\":\"ReadAction\",\"target\":[\"https:\\\/\\\/saunaboat-geneve.ch\\\/fr\\\/produit\\\/the-frais-kopie\\\/\"]}]},{\"@type\":\"ImageObject\",\"inLanguage\":\"fr-FR\",\"@id\":\"https:\\\/\\\/saunaboat-geneve.ch\\\/fr\\\/produit\\\/the-frais-kopie\\\/#primaryimage\",\"url\":\"https:\\\/\\\/saunaboat-geneve.ch\\\/wp-content\\\/uploads\\\/sites\\\/4\\\/2025\\\/12\\\/sud-1.avif\",\"contentUrl\":\"https:\\\/\\\/saunaboat-geneve.ch\\\/wp-content\\\/uploads\\\/sites\\\/4\\\/2025\\\/12\\\/sud-1.avif\",\"width\":1920,\"height\":2560},{\"@type\":\"BreadcrumbList\",\"@id\":\"https:\\\/\\\/saunaboat-geneve.ch\\\/fr\\\/produit\\\/the-frais-kopie\\\/#breadcrumb\",\"itemListElement\":[{\"@type\":\"ListItem\",\"position\":1,\"name\":\"Startseite\",\"item\":\"https:\\\/\\\/saunaboat-geneve.ch\\\/fr\\\/reserver\\\/\"},{\"@type\":\"ListItem\",\"position\":2,\"name\":\"R\u00e9server\",\"item\":\"https:\\\/\\\/saunaboat-geneve.ch\\\/fr\\\/reserver\\\/\"},{\"@type\":\"ListItem\",\"position\":3,\"name\":\"Saveur du Sud\"}]},{\"@type\":\"WebSite\",\"@id\":\"https:\\\/\\\/saunaboat-geneve.ch\\\/fr\\\/#website\",\"url\":\"https:\\\/\\\/saunaboat-geneve.ch\\\/fr\\\/\",\"name\":\"Saunaboat Geneve\",\"description\":\"Bateau sauna sur le lac de Gen\u00e8ve\",\"publisher\":{\"@id\":\"https:\\\/\\\/saunaboat-geneve.ch\\\/fr\\\/#organization\"},\"potentialAction\":[{\"@type\":\"SearchAction\",\"target\":{\"@type\":\"EntryPoint\",\"urlTemplate\":\"https:\\\/\\\/saunaboat-geneve.ch\\\/fr\\\/?s={search_term_string}\"},\"query-input\":{\"@type\":\"PropertyValueSpecification\",\"valueRequired\":true,\"valueName\":\"search_term_string\"}}],\"inLanguage\":\"fr-FR\"},{\"@type\":\"Organization\",\"@id\":\"https:\\\/\\\/saunaboat-geneve.ch\\\/fr\\\/#organization\",\"name\":\"Saunaboat Geneve\",\"url\":\"https:\\\/\\\/saunaboat-geneve.ch\\\/fr\\\/\",\"logo\":{\"@type\":\"ImageObject\",\"inLanguage\":\"fr-FR\",\"@id\":\"https:\\\/\\\/saunaboat-geneve.ch\\\/fr\\\/#\\\/schema\\\/logo\\\/image\\\/\",\"url\":\"https:\\\/\\\/saunaboat-geneve.ch\\\/wp-content\\\/uploads\\\/sites\\\/4\\\/2025\\\/10\\\/SaunaBoatGeneve-Logo-Blue.svg\",\"contentUrl\":\"https:\\\/\\\/saunaboat-geneve.ch\\\/wp-content\\\/uploads\\\/sites\\\/4\\\/2025\\\/10\\\/SaunaBoatGeneve-Logo-Blue.svg\",\"width\":341,\"height\":305,\"caption\":\"Saunaboat Geneve\"},\"image\":{\"@id\":\"https:\\\/\\\/saunaboat-geneve.ch\\\/fr\\\/#\\\/schema\\\/logo\\\/image\\\/\"},\"sameAs\":[\"https:\\\/\\\/www.instagram.com\\\/saunaboatgeneve\\\/\"]}]}<\/script>\n<!-- \/ Yoast SEO plugin. -->","yoast_head_json":{"title":"Saveur du Sud - Saunaboats Geneve","robots":{"index":"index","follow":"follow","max-snippet":"max-snippet:-1","max-image-preview":"max-image-preview:large","max-video-preview":"max-video-preview:-1"},"canonical":"https:\/\/saunaboat-geneve.ch\/fr\/produit\/the-frais-kopie\/","og_locale":"fr_FR","og_type":"article","og_title":"Saveur du Sud - Saunaboats Geneve","og_description":"Deux \u00e9clairs sal\u00e9s, fra\u00eechement pr\u00e9par\u00e9s, avec deux petits compl\u00e9ments sucr\u00e9s de la p\u00e2tisserie CHOU. \u00c9clair Serrano Serrano \/ chou-rave \/ caviar d&rsquo;aubergine \/ c\u00e2pres \/ roquette \u00c9clair Avocat &amp; Pecorino Fenouil \/ Soja et Citron \/ Avocat \/ Pecorino \/ Poivron fort Chou Chocolat Cr\u00e8me au chocolat noir \u00e0 64% [...]","og_url":"https:\/\/saunaboat-geneve.ch\/fr\/produit\/the-frais-kopie\/","og_site_name":"Saunaboats Geneve","article_modified_time":"2026-03-25T13:20:23+00:00","og_image":[{"width":1920,"height":2560,"url":"https:\/\/saunaboat-geneve.ch\/wp-content\/uploads\/sites\/4\/2025\/12\/sud-1.avif","type":"image\/jpeg"}],"twitter_card":"summary_large_image","schema":{"@context":"https:\/\/schema.org","@graph":[{"@type":"WebPage","@id":"https:\/\/saunaboat-geneve.ch\/fr\/produit\/the-frais-kopie\/","url":"https:\/\/saunaboat-geneve.ch\/fr\/produit\/the-frais-kopie\/","name":"Saveur du Sud - Saunaboats Geneve","isPartOf":{"@id":"https:\/\/saunaboat-geneve.ch\/fr\/#website"},"primaryImageOfPage":{"@id":"https:\/\/saunaboat-geneve.ch\/fr\/produit\/the-frais-kopie\/#primaryimage"},"image":{"@id":"https:\/\/saunaboat-geneve.ch\/fr\/produit\/the-frais-kopie\/#primaryimage"},"thumbnailUrl":"https:\/\/saunaboat-geneve.ch\/wp-content\/uploads\/sites\/4\/2025\/12\/sud-1.avif","datePublished":"2025-12-22T19:20:41+00:00","dateModified":"2026-03-25T13:20:23+00:00","breadcrumb":{"@id":"https:\/\/saunaboat-geneve.ch\/fr\/produit\/the-frais-kopie\/#breadcrumb"},"inLanguage":"fr-FR","potentialAction":[{"@type":"ReadAction","target":["https:\/\/saunaboat-geneve.ch\/fr\/produit\/the-frais-kopie\/"]}]},{"@type":"ImageObject","inLanguage":"fr-FR","@id":"https:\/\/saunaboat-geneve.ch\/fr\/produit\/the-frais-kopie\/#primaryimage","url":"https:\/\/saunaboat-geneve.ch\/wp-content\/uploads\/sites\/4\/2025\/12\/sud-1.avif","contentUrl":"https:\/\/saunaboat-geneve.ch\/wp-content\/uploads\/sites\/4\/2025\/12\/sud-1.avif","width":1920,"height":2560},{"@type":"BreadcrumbList","@id":"https:\/\/saunaboat-geneve.ch\/fr\/produit\/the-frais-kopie\/#breadcrumb","itemListElement":[{"@type":"ListItem","position":1,"name":"Startseite","item":"https:\/\/saunaboat-geneve.ch\/fr\/reserver\/"},{"@type":"ListItem","position":2,"name":"R\u00e9server","item":"https:\/\/saunaboat-geneve.ch\/fr\/reserver\/"},{"@type":"ListItem","position":3,"name":"Saveur du Sud"}]},{"@type":"WebSite","@id":"https:\/\/saunaboat-geneve.ch\/fr\/#website","url":"https:\/\/saunaboat-geneve.ch\/fr\/","name":"Saunaboat Geneve","description":"Bateau sauna sur le lac de Gen\u00e8ve","publisher":{"@id":"https:\/\/saunaboat-geneve.ch\/fr\/#organization"},"potentialAction":[{"@type":"SearchAction","target":{"@type":"EntryPoint","urlTemplate":"https:\/\/saunaboat-geneve.ch\/fr\/?s={search_term_string}"},"query-input":{"@type":"PropertyValueSpecification","valueRequired":true,"valueName":"search_term_string"}}],"inLanguage":"fr-FR"},{"@type":"Organization","@id":"https:\/\/saunaboat-geneve.ch\/fr\/#organization","name":"Saunaboat Geneve","url":"https:\/\/saunaboat-geneve.ch\/fr\/","logo":{"@type":"ImageObject","inLanguage":"fr-FR","@id":"https:\/\/saunaboat-geneve.ch\/fr\/#\/schema\/logo\/image\/","url":"https:\/\/saunaboat-geneve.ch\/wp-content\/uploads\/sites\/4\/2025\/10\/SaunaBoatGeneve-Logo-Blue.svg","contentUrl":"https:\/\/saunaboat-geneve.ch\/wp-content\/uploads\/sites\/4\/2025\/10\/SaunaBoatGeneve-Logo-Blue.svg","width":341,"height":305,"caption":"Saunaboat Geneve"},"image":{"@id":"https:\/\/saunaboat-geneve.ch\/fr\/#\/schema\/logo\/image\/"},"sameAs":["https:\/\/www.instagram.com\/saunaboatgeneve\/"]}]}},"_links":{"self":[{"href":"https:\/\/saunaboat-geneve.ch\/fr\/wp-json\/wp\/v2\/product\/7634","targetHints":{"allow":["GET"]}}],"collection":[{"href":"https:\/\/saunaboat-geneve.ch\/fr\/wp-json\/wp\/v2\/product"}],"about":[{"href":"https:\/\/saunaboat-geneve.ch\/fr\/wp-json\/wp\/v2\/types\/product"}],"wp:featuredmedia":[{"embeddable":true,"href":"https:\/\/saunaboat-geneve.ch\/fr\/wp-json\/wp\/v2\/media\/7662"}],"wp:attachment":[{"href":"https:\/\/saunaboat-geneve.ch\/fr\/wp-json\/wp\/v2\/media?parent=7634"}],"wp:term":[{"taxonomy":"product_brand","embeddable":true,"href":"https:\/\/saunaboat-geneve.ch\/fr\/wp-json\/wp\/v2\/product_brand?post=7634"},{"taxonomy":"product_cat","embeddable":true,"href":"https:\/\/saunaboat-geneve.ch\/fr\/wp-json\/wp\/v2\/product_cat?post=7634"},{"taxonomy":"product_tag","embeddable":true,"href":"https:\/\/saunaboat-geneve.ch\/fr\/wp-json\/wp\/v2\/product_tag?post=7634"}],"curies":[{"name":"wp","href":"https:\/\/api.w.org\/{rel}","templated":true}]}}